{"id":272,"date":"2023-06-20T16:27:49","date_gmt":"2023-06-20T14:27:49","guid":{"rendered":"https:\/\/atelierferetverre.com\/?page_id=272"},"modified":"2023-06-21T09:47:36","modified_gmt":"2023-06-21T07:47:36","slug":"mentions-legales","status":"publish","type":"page","link":"https:\/\/atelierferetverre.com\/index.php\/mentions-legales\/","title":{"rendered":"Mentions legales CGU"},"content":{"rendered":"\n<p>ce site est edit\u00e9 par: Christian SCHMIDT .<\/p>\n\n\n\n<p>contact: Christian.schmidt@atelierferetverre.com<\/p>\n\n\n\n<p>Ce site est heberg\u00e9 chez OVH 2 rue KELLERMANN BP80517 59053 ROUBAIX CEDEX 1<\/p>\n\n\n\n<p>Mentions l\u00e9gales<\/p>\n\n\n\n<p>Merci de lire avec attention les diff\u00e9rentes modalit\u00e9s d\u2019utilisation du pr\u00e9sent site avant d\u2019y parcourir ses pages. En vous connectant sur ce site, vous acceptez sans r\u00e9serves les pr\u00e9sentes modalit\u00e9s. Aussi, conform\u00e9ment \u00e0 l\u2019article n\u00b06 de la Loi n\u00b02004-575 du 21 Juin 2004 pour la confiance dans l\u2019\u00e9conomie num\u00e9rique, les responsables du pr\u00e9sent site internet http:\/\/www.atelierferetverre.com sont :<\/p>\n\n\n\n<p>Conditions d\u2019utilisation :<br>Ce site (http:\/\/www.atelierferetverre.com&#8221;) est propos\u00e9 en diff\u00e9rents langages web (HTML, HTML5, Javascript, CSS, etc\u2026) pour un meilleur confort d&#8217;utilisation et un graphisme plus agr\u00e9able, nous vous recommandons de recourir \u00e0 des navigateurs modernes comme Internet explorer, Safari, Firefox, Google Chrome, etc\u2026<\/p>\n\n\n\n<p>Atelier Fer et Verre met en \u0153uvre tous les moyens dont elle dispose, pour assurer une information fiable et une mise \u00e0 jour fiable de ses sites internet. Toutefois, des erreurs ou omissions peuvent survenir. L&#8217;internaute devra donc s&#8217;assurer de l&#8217;exactitude des informations aupr\u00e8s de Atelier fer et verre, et signaler toutes modifications du site qu&#8217;il jugerait utile. Atelier Fer et Verre n&#8217;est en aucun cas responsable de l&#8217;utilisation faite de ces informations, et de tout pr\u00e9judice direct ou indirect pouvant en d\u00e9couler.<\/p>\n\n\n\n<p>Le site http:\/\/www.atelierferetverre.com est amen\u00e9 \u00e0 vous demander l\u2019acceptation des cookies pour des besoins de statistiques et d&#8217;affichage. Un cookies est une information d\u00e9pos\u00e9e sur votre disque dur par le serveur du site que vous visitez. Il contient plusieurs donn\u00e9es qui sont stock\u00e9es sur votre ordinateur dans un simple fichier texte auquel un serveur acc\u00e8de pour lire et enregistrer des informations . Certaines parties de ce site ne peuvent \u00eatre fonctionnelles sans l\u2019acceptation de cookies.<\/p>\n\n\n\n<p>Les sites internet peuvent offrir des liens vers d\u2019autres sites internet ou d\u2019autres ressources disponibles sur Internet. ATELIER FER ET VERRE ne dispose d&#8217;aucun moyen pour contr\u00f4ler les sites en connexion avec ses sites internet. ATELIR FE ET VERRE ne r\u00e9pond pas de la disponibilit\u00e9 de tels sites et sources externes, ni ne la garantit. Elle ne peut \u00eatre tenue pour responsable de tout dommage, de quelque nature que ce soit, r\u00e9sultant du contenu de ces sites ou sources externes, et notamment des informations, produits ou services qu\u2019ils proposent, ou de tout usage qui peut \u00eatre fait de ces \u00e9l\u00e9ments. Les risques li\u00e9s \u00e0 cette utilisation incombent pleinement \u00e0 l&#8217;internaute, qui doit se conformer \u00e0 leurs conditions d&#8217;utilisation.<\/p>\n\n\n\n<p>Les utilisateurs, les abonn\u00e9s et les visiteurs des sites internet de ne peuvent mettre en place un hyperlien en direction de ce site sans l&#8217;autorisation expresse et pr\u00e9alable de ATELIER FER ET VERRE.<\/p>\n\n\n\n<p>Dans l&#8217;hypoth\u00e8se o\u00f9 un utilisateur ou visiteur souhaiterait mettre en place un hyperlien en direction d\u2019un des sites internet de ATELIER FER ET VERRE, il lui appartiendra d&#8217;adresser un email accessible sur le site afin de formuler sa demande de mise en place d&#8217;un hyperlien. ATELIER FER ET VERRE se r\u00e9serve le droit d\u2019accepter ou de refuser un hyperlien sans avoir \u00e0 en justifier sa d\u00e9cision.<\/p>\n\n\n\n<p>L&#8217;ensemble des activit\u00e9s de la soci\u00e9t\u00e9 ainsi que ses informations sont pr\u00e9sent\u00e9s sur notre site http:\/\/www.Atelierferetverre.com<br>ATELIER FER ET VERRE s\u2019efforce de fournir sur le site www.atelierferetverre.com des informations aussi pr\u00e9cises que possible. les renseignements figurant sur le site http:\/\/www.atelierferetverre.com ne sont pas exhaustifs et les photos non contractuelles. Ils sont donn\u00e9s sous r\u00e9serve de modifications ayant \u00e9t\u00e9 apport\u00e9es depuis leur mise en ligne.<br>Limitation contractuelles sur les donn\u00e9es :<br>Les informations contenues sur ce site sont aussi pr\u00e9cises que possible et le site remis \u00e0 jour \u00e0 diff\u00e9rentes p\u00e9riodes de l\u2019ann\u00e9e, mais peut toutefois contenir des inexactitudes ou des omissions. Si vous constatez une lacune, erreur ou ce qui parait \u00eatre un dysfonctionnement, merci de bien vouloir le signaler par email, \u00e0 l\u2019adresse contact@atelierferetverre.com, en d\u00e9crivant le probl\u00e8me de la mani\u00e8re la plus pr\u00e9cise possible (page posant probl\u00e8me, type d\u2019ordinateur et de navigateur utilis\u00e9, \u2026).<\/p>\n\n\n\n<p>Tout contenu t\u00e9l\u00e9charg\u00e9 se fait aux risques et p\u00e9rils de l&#8217;utilisateur et sous sa seule responsabilit\u00e9. En cons\u00e9quence, ne saurait \u00eatre tenu responsable d&#8217;un quelconque dommage subi par l&#8217;ordinateur de l&#8217;utilisateur ou d&#8217;une quelconque perte de donn\u00e9es cons\u00e9cutives au t\u00e9l\u00e9chargement. De plus, l\u2019utilisateur du site s\u2019engage \u00e0 acc\u00e9der au site en utilisant un mat\u00e9riel r\u00e9cent, ne contenant pas de virus et avec un navigateur de derni\u00e8re g\u00e9n\u00e9ration mis-\u00e0-jour.<\/p>\n\n\n\n<p>Propri\u00e9t\u00e9 intellectuelle :<br>Tout le contenu du pr\u00e9sent sur le site http:\/\/www.atelierferetverre.com, incluant, de fa\u00e7on non limitative, les graphismes, images, textes, vid\u00e9os, animations, sons, logos, gifs et ic\u00f4nes ainsi que leur mise en forme sont la propri\u00e9t\u00e9 exclusive de la soci\u00e9t\u00e9 \u00e0 l&#8217;exception des marques, logos ou contenus appartenant \u00e0 d&#8217;autres soci\u00e9t\u00e9s partenaires ou auteurs.<\/p>\n\n\n\n<p>Toute reproduction, distribution, modification, adaptation, retransmission ou publication, m\u00eame partielle, de ces diff\u00e9rents \u00e9l\u00e9ments est strictement interdite sans l&#8217;accord expr\u00e8s par \u00e9crit de ATELIER FER ET VERRE. Cette repr\u00e9sentation ou reproduction, par quelque proc\u00e9d\u00e9 que ce soit, constitue une contrefa\u00e7on sanctionn\u00e9e par les articles L.335-2 et suivants du Code de la propri\u00e9t\u00e9 intellectuelle. Le non-respect de cette interdiction constitue une contrefa\u00e7on pouvant engager la responsabilit\u00e9 civile et p\u00e9nale du contrefacteur. En outre, les propri\u00e9taires des Contenus copi\u00e9s pourraient intenter une action en justice \u00e0 votre encontre.<\/p>\n\n\n\n<p>Les pr\u00e9sentes conditions du site http:\/\/www.atelierferetverre.com sont r\u00e9gies par les lois fran\u00e7aises et toute contestation ou litiges qui pourraient na\u00eetre de l&#8217;interpr\u00e9tation ou de l&#8217;ex\u00e9cution de celles-ci seront de la comp\u00e9tence exclusive des tribunaux dont d\u00e9pend le si\u00e8ge social de la soci\u00e9t\u00e9. La langue de r\u00e9f\u00e9rence, pour le r\u00e8glement de contentieux \u00e9ventuels, est le fran\u00e7ais.<\/p>\n\n\n\n<p>Donn\u00e9es personnelles :<br>Veuillez noter que certains renseignements sont obligatoires et n\u00e9cessaires au traitement de votre d\u00e9marche. L&#8217;absence de r\u00e9ponse \u00e0 un champ obligatoire est susceptible de compromettre le bon suivi de votre dossier.<\/p>\n\n\n\n<p>Les informations personnelles communiqu\u00e9es sont enregistr\u00e9es dans un fichier informatis\u00e9 par ATELIER FER ET VERRE.<\/p>\n\n\n\n<p>Nous ne traiterons ou n&#8217;utiliserons vos donn\u00e9es que dans la mesure o\u00f9 cela est n\u00e9cessaire pour vous contacter, assurer le traitement de vos demandes, cr\u00e9er et g\u00e9rer votre profil utilisateur, cr\u00e9er et g\u00e9rer votre acc\u00e8s \u00e0 nos services en ligne ou r\u00e9aliser des \u00e9tudes statistiques.<\/p>\n\n\n\n<p>Vos informations personnelles seront conserv\u00e9es aussi longtemps que n\u00e9cessaire jusqu\u2019\u00e0 l\u2019ex\u00e9cution de nos prestations, sauf si :<\/p>\n\n\n\n<ul class=\"wp-block-list\">\n<li>Vous exercez votre droit de suppression des donn\u00e9es vous concernant, dans les conditions d\u00e9crites ci-apr\u00e8s ;<\/li>\n\n\n\n<li>Une dur\u00e9e de conservation plus longue est autoris\u00e9e ou impos\u00e9e en vertu d&#8217;une disposition l\u00e9gale ou r\u00e8glementaire.<\/li>\n<\/ul>\n\n\n\n<p>Pendant cette p\u00e9riode, nous mettons en place tous moyens aptes \u00e0 assurer la confidentialit\u00e9 et la s\u00e9curit\u00e9 de vos donn\u00e9es personnelles, de mani\u00e8re \u00e0 emp\u00eacher leur endommagement, effacement ou acc\u00e8s par des tiers non autoris\u00e9s.<\/p>\n\n\n\n<p>L&#8217;acc\u00e8s \u00e0 vos donn\u00e9es personnelles est strictement limit\u00e9 \u00e0 notre personnel et, le cas \u00e9ch\u00e9ant, \u00e0 nos sous-traitants.<br>Les sous-traitants en question sont soumis \u00e0 une obligation de confidentialit\u00e9 et ne peuvent utiliser vos donn\u00e9es qu&#8217;en conformit\u00e9 avec nos dispositions contractuelles et la l\u00e9gislation applicable.<br>En dehors des cas \u00e9nonc\u00e9s ci-dessus, nous nous engageons \u00e0 ne pas vendre, louer, c\u00e9der ni donner acc\u00e8s \u00e0 des tiers \u00e0 vos donn\u00e9es sans votre consentement pr\u00e9alable, \u00e0 moins d&#8217;y \u00eatre contraints en raison d&#8217;un motif l\u00e9gitime (obligation l\u00e9gale, lutte contre la fraude ou l&#8217;abus, exercice des droits de la d\u00e9fense, etc.).<\/p>\n\n\n\n<p>Conform\u00e9ment \u00e0 la loi &#8221; informatique et libert\u00e9s &#8221; du 6 janvier 1978 modifi\u00e9e et au R\u00e8glement europ\u00e9en n\u00b02016\/679\/UE du 27 avril 2016 (applicable d\u00e8s le 25 mai 2018), vous b\u00e9n\u00e9ficiez d&#8217;un droit d&#8217;acc\u00e8s, de rectification, de portabilit\u00e9 et d&#8217;effacement de vos donn\u00e9es ou encore de limitation du traitement. Vous pouvez \u00e9galement, pour des motifs l\u00e9gitimes, vous opposer au traitement des donn\u00e9es vous concernant.<\/p>\n\n\n\n<p>Vous pouvez, sous r\u00e9serve de la production d&#8217;un justificatif d&#8217;identit\u00e9 valide, exercer vos droits en contactant ATELIER FER ET VERRE.<\/p>\n\n\n\n<p>Si vous ne souhaitez pas\/plus recevoir nos actualit\u00e9s et sollicitations (par t\u00e9l\u00e9phone, SMS, courrier postal ou \u00e9lectronique) et invitations, vous avez la facult\u00e9 de nous l&#8217;indiquer via le lien r\u00e9serv\u00e9 \u00e0 cet effet, de modifier vos choix en nous contactant dans les conditions \u00e9voqu\u00e9es ci-dessus ou, le cas \u00e9ch\u00e9ant, en modifiant les param\u00e8tres de votre profil en ligne. Il en est de m\u00eame si vous ne souhaitez pas recevoir les actualit\u00e9s, invitations ou offres promotionnelles de nos partenaires.<\/p>\n\n\n\n<p>Pour toute information compl\u00e9mentaire ou r\u00e9clamation, vous pouvez contacter la Commission Nationale de l&#8217;Informatique et des Libert\u00e9s (plus d&#8217;informations sur www.cnil.fr).<\/p>\n\n\n\n<p>Enfin, nous vous informons de l&#8217;existence de la liste d&#8217;opposition au d\u00e9marchage t\u00e9l\u00e9phonique &#8221; Bloctel &#8220;, sur laquelle vous pouvez vous inscrire (https:\/\/conso.bloctel.fr\/).<\/p>\n","protected":false},"excerpt":{"rendered":"<p>ce site est edit\u00e9 par: Christian SCHMIDT . contact: Christian.schmidt@atelierferetverre.com Ce site est heberg\u00e9 chez OVH 2 rue KELLERMANN BP80517 59053 ROUBAIX CEDEX 1 Mentions l\u00e9gales Merci de lire avec attention les diff\u00e9rentes modalit\u00e9s d\u2019utilisation du pr\u00e9sent site avant d\u2019y parcourir ses pages. En vous connectant sur ce site, vous acceptez sans r\u00e9serves les pr\u00e9sentes [&hellip;]<\/p>\n","protected":false},"author":1,"featured_media":0,"parent":0,"menu_order":0,"comment_status":"closed","ping_status":"closed","template":"","meta":{"_et_pb_use_builder":"off","_et_pb_old_content":"","_et_gb_content_width":"","footnotes":""},"class_list":["post-272","page","type-page","status-publish","hentry"],"_links":{"self":[{"href":"https:\/\/atelierferetverre.com\/index.php\/wp-json\/wp\/v2\/pages\/272","targetHints":{"allow":["GET"]}}],"collection":[{"href":"https:\/\/atelierferetverre.com\/index.php\/wp-json\/wp\/v2\/pages"}],"about":[{"href":"https:\/\/atelierferetverre.com\/index.php\/wp-json\/wp\/v2\/types\/page"}],"author":[{"embeddable":true,"href":"https:\/\/atelierferetverre.com\/index.php\/wp-json\/wp\/v2\/users\/1"}],"replies":[{"embeddable":true,"href":"https:\/\/atelierferetverre.com\/index.php\/wp-json\/wp\/v2\/comments?post=272"}],"version-history":[{"count":4,"href":"https:\/\/atelierferetverre.com\/index.php\/wp-json\/wp\/v2\/pages\/272\/revisions"}],"predecessor-version":[{"id":426,"href":"https:\/\/atelierferetverre.com\/index.php\/wp-json\/wp\/v2\/pages\/272\/revisions\/426"}],"wp:attachment":[{"href":"https:\/\/atelierferetverre.com\/index.php\/wp-json\/wp\/v2\/media?parent=272"}],"curies":[{"name":"wp","href":"https:\/\/api.w.org\/{rel}","templated":true}]}}